{"id":522,"date":"2026-03-12T16:51:52","date_gmt":"2026-03-12T15:51:52","guid":{"rendered":"https:\/\/mag-borneo-yoga.com\/?page_id=522"},"modified":"2026-03-12T17:48:30","modified_gmt":"2026-03-12T16:48:30","slug":"naturopathe-en-sante-fonctionnelle-et-micronutrition","status":"publish","type":"page","link":"https:\/\/mag-borneo-yoga.com\/?page_id=522","title":{"rendered":"Naturopathe en sant\u00e9 fonctionnelle et micronutrition"},"content":{"rendered":"\n<p><strong>Mon approche de la naturopathie en sant\u00e9 fonctionnelle<\/strong><\/p>\n\n\n\n<p>J\u2019accompagne les personnes dans une d\u00e9marche de sant\u00e9 globale en m\u2019appuyant sur les principes de la naturopathie et de la sant\u00e9 fonctionnelle.<\/p>\n\n\n\n<p>La sant\u00e9 fonctionnelle consiste \u00e0 rechercher les&nbsp;<strong>causes profondes des d\u00e9s\u00e9quilibres<\/strong>&nbsp;plut\u00f4t que de se limiter \u00e0 la gestion des sympt\u00f4mes. Elle s\u2019int\u00e9resse au fonctionnement des syst\u00e8mes du corps (digestif, hormonal, immunitaire, nerveux, m\u00e9tabolique) et \u00e0 leurs interactions.<\/p>\n\n\n\n<p>Dans ma pratique, j\u2019adopte une approche&nbsp;<strong>individualis\u00e9e et int\u00e9grative<\/strong>. Chaque personne poss\u00e8de un terrain biologique, nutritionnel et \u00e9motionnel unique. L\u2019objectif est de comprendre ce terrain afin de soutenir les capacit\u00e9s d\u2019autor\u00e9gulation du corps.<\/p>\n\n\n\n<p>Mon accompagnement repose notamment sur :<\/p>\n\n\n\n<p>\u2022 l\u2019analyse du terrain nutritionnel et m\u00e9tabolique<br>\u2022 la compr\u00e9hension des d\u00e9s\u00e9quilibres digestifs et du microbiote<br>\u2022 l\u2019\u00e9quilibre hormonal et la r\u00e9gulation de la glyc\u00e9mie<br>\u2022 la gestion de l\u2019inflammation et du stress oxydatif<br>\u2022 l\u2019hygi\u00e8ne de vie globale : alimentation, mouvement, sommeil, gestion du stress<\/p>\n\n\n\n<p>Cette approche peut s\u2019appuyer sur l\u2019\u00e9tude de bilans biologiques lorsqu\u2019ils sont disponibles afin d\u2019affiner la compr\u00e9hension du terrain et d\u2019orienter les strat\u00e9gies nutritionnelles et micronutritionnelles.<\/p>\n\n\n\n<p>L\u2019accompagnement vise \u00e0&nbsp;<strong>restaurer l\u2019\u00e9quilibre physiologique<\/strong>, soutenir la vitalit\u00e9 et favoriser l\u2019autonomie dans la gestion de sa sant\u00e9.<\/p>\n\n\n\n<p>La naturopathie en sant\u00e9 fonctionnelle ne remplace pas un suivi m\u00e9dical. Elle constitue une approche compl\u00e9mentaire qui s\u2019inscrit dans une d\u00e9marche de pr\u00e9vention et d\u2019optimisation de la sant\u00e9.<\/p>\n\n\n\n<figure class=\"wp-block-image size-full\"><img data-recalc-dims=\"1\" loading=\"lazy\" decoding=\"async\" width=\"640\" height=\"480\" src=\"https:\/\/i0.wp.com\/mag-borneo-yoga.com\/wp-content\/uploads\/2026\/03\/image-2.png?resize=640%2C480&#038;ssl=1\" alt=\"\" class=\"wp-image-539\" srcset=\"https:\/\/i0.wp.com\/mag-borneo-yoga.com\/wp-content\/uploads\/2026\/03\/image-2.png?w=1024&amp;ssl=1 1024w, https:\/\/i0.wp.com\/mag-borneo-yoga.com\/wp-content\/uploads\/2026\/03\/image-2.png?resize=300%2C225&amp;ssl=1 300w, https:\/\/i0.wp.com\/mag-borneo-yoga.com\/wp-content\/uploads\/2026\/03\/image-2.png?resize=768%2C576&amp;ssl=1 768w\" sizes=\"auto, (max-width: 640px) 100vw, 640px\" \/><\/figure>\n\n\n\n<details class=\"wp-block-details is-layout-flow wp-block-details-is-layout-flow\"><summary>lien vers mon compte Instagram<\/summary><\/details>\n\n\n\n<p><a href=\"https:\/\/www.magali_naturopathe29.com\">https:\/\/www.magali_naturopathe29.com<\/a><\/p>\n\n\n\n<p><\/p>\n","protected":false},"excerpt":{"rendered":"<p>Mon approche de la naturopathie en sant\u00e9 fonctionnelle J\u2019accompagne les personnes dans une d\u00e9marche de sant\u00e9 globale en m\u2019appuyant sur les principes de la naturopathie et de la sant\u00e9 fonctionnelle. La sant\u00e9 fonctionnelle consiste \u00e0 rechercher les&nbsp;causes profondes des d\u00e9s\u00e9quilibres&nbsp;plut\u00f4t que de se limiter \u00e0 la gestion des sympt\u00f4mes. Elle s\u2019int\u00e9resse au fonctionnement des syst\u00e8mes<br \/><a class=\"btn btn-tislider blog-readmore\" href=\"https:\/\/mag-borneo-yoga.com\/?page_id=522\">Read More<\/a><\/p>\n","protected":false},"author":1,"featured_media":0,"parent":0,"menu_order":0,"comment_status":"closed","ping_status":"closed","template":"","meta":{"footnotes":""},"class_list":["post-522","page","type-page","status-publish","hentry"],"jetpack_sharing_enabled":true,"_links":{"self":[{"href":"https:\/\/mag-borneo-yoga.com\/index.php?rest_route=\/wp\/v2\/pages\/522","targetHints":{"allow":["GET"]}}],"collection":[{"href":"https:\/\/mag-borneo-yoga.com\/index.php?rest_route=\/wp\/v2\/pages"}],"about":[{"href":"https:\/\/mag-borneo-yoga.com\/index.php?rest_route=\/wp\/v2\/types\/page"}],"author":[{"embeddable":true,"href":"https:\/\/mag-borneo-yoga.com\/index.php?rest_route=\/wp\/v2\/users\/1"}],"replies":[{"embeddable":true,"href":"https:\/\/mag-borneo-yoga.com\/index.php?rest_route=%2Fwp%2Fv2%2Fcomments&post=522"}],"version-history":[{"count":3,"href":"https:\/\/mag-borneo-yoga.com\/index.php?rest_route=\/wp\/v2\/pages\/522\/revisions"}],"predecessor-version":[{"id":531,"href":"https:\/\/mag-borneo-yoga.com\/index.php?rest_route=\/wp\/v2\/pages\/522\/revisions\/531"}],"wp:attachment":[{"href":"https:\/\/mag-borneo-yoga.com\/index.php?rest_route=%2Fwp%2Fv2%2Fmedia&parent=522"}],"curies":[{"name":"wp","href":"https:\/\/api.w.org\/{rel}","templated":true}]}}